{"id":193,"date":"2025-07-08T18:42:10","date_gmt":"2025-07-08T21:42:10","guid":{"rendered":"https:\/\/bobiplay.com\/?page_id=193"},"modified":"2025-07-08T18:42:40","modified_gmt":"2025-07-08T21:42:40","slug":"politica-de-cookies","status":"publish","type":"page","link":"https:\/\/bobiplay.com\/en\/politica-de-cookies\/","title":{"rendered":"Cookie Policy"},"content":{"rendered":"<h1 class=\"wp-block-heading\">Cookie Policy<\/h1>\n\n\n\n<p class=\"has-medium-font-size\">Cookies are used on our website to improve performance and your user experience.<\/p>\n\n\n\n<h4 class=\"wp-block-heading has-medium-font-size\">What are cookies<\/h4>\n\n\n\n<p class=\"has-medium-font-size\">Cookies are small text files that a website, when visited by the user, places on their computer or mobile device through the browser. Placing cookies will help the site recognize your device the next time the user visits it, retaining only information related to the user's preferences, not including, as such, their personal data.<\/p>\n\n\n\n<h4 class=\"wp-block-heading has-medium-font-size\">What are cookies used for<\/h4>\n\n\n\n<p class=\"has-medium-font-size\">Cookies are used to help determine the usefulness, interest, and number of uses of websites, allowing for faster and more efficient navigation by eliminating the need to repeatedly enter the same information.<\/p>\n\n\n\n<h4 class=\"wp-block-heading has-medium-font-size\">What kind of cookies do we use<\/h4>\n\n\n\n<p class=\"has-medium-font-size\">Strictly Necessary Cookies: These cookies allow users to browse the website and use its applications, as well as access secure areas of the site. Without these cookies, the services you have requested cannot be provided.<\/p>\n\n\n\n<p class=\"has-medium-font-size\"><strong>Analytic cookies<\/strong>They are used for the purpose of creating and analyzing statistics, in order to improve the functioning of each website.<\/p>\n\n\n\n<p class=\"has-medium-font-size\"><strong>Functional cookies<\/strong>They store user preferences regarding website use, so you don't have to reconfigure the site each time you visit. For example, they prevent you from having to enter usernames every time you access it.<\/p>\n\n\n\n<p class=\"has-medium-font-size\"><strong>Third-party cookies<\/strong>Measure application success and third-party advertising effectiveness.<\/p>\n\n\n\n<p class=\"has-medium-font-size\"><strong>Advertising cookies<\/strong>They target advertising based on each user's interests, for example, limiting the number of times you see an ad, helping to measure the effectiveness of advertising and the success of the website's organization.<\/p>\n\n\n\n<p class=\"has-medium-font-size\">These types of cookies used can be:<\/p>\n\n\n\n<p class=\"has-medium-font-size\"><strong>Permanent cookies<\/strong>They are stored at the browser level on access devices, such as PCs, smartphones, and tablets, and are used whenever a new visit is made to one of our websites. They are typically used to tailor navigation to the user's interests.<\/p>\n\n\n\n<p class=\"has-medium-font-size\"><strong>Session cookies<\/strong>These are so-called temporary cookies that remain in the browser's cookie file until you leave the site. The information obtained by these cookies is used to analyze web traffic patterns, which allows us to identify problems and provide a better browsing experience to the user.<\/p>","protected":false},"excerpt":{"rendered":"<p>Pol\u00edtica de Cookies Os cookies s\u00e3o utilizados no nosso site para melhorar o desempenho e a sua experi\u00eancia como utilizador. O que s\u00e3o cookies Os cookies s\u00e3o pequenos ficheiros de texto que um site, ao ser visitado pelo utilizador, coloca no seu computador ou no seu dispositivo m\u00f3vel atrav\u00e9s do browser. A coloca\u00e7\u00e3o de cookies &hellip;<\/p>","protected":false},"author":1,"featured_media":0,"parent":0,"menu_order":0,"comment_status":"closed","ping_status":"closed","template":"","meta":{"footnotes":""},"class_list":["post-193","page","type-page","status-publish","hentry"],"yoast_head":"<!-- This site is optimized with the Yoast SEO plugin v27.4 - https:\/\/yoast.com\/product\/yoast-seo-wordpress\/ -->\n<title>Pol\u00edtica de Cookies - BobiPlay<\/title>\n<meta name=\"robots\" content=\"index, follow, max-snippet:-1, max-image-preview:large, max-video-preview:-1\" \/>\n<link rel=\"canonical\" href=\"https:\/\/bobiplay.com\/en\/politica-de-cookies\/\" \/>\n<meta property=\"og:locale\" content=\"en_US\" \/>\n<meta property=\"og:type\" content=\"article\" \/>\n<meta property=\"og:title\" content=\"Pol\u00edtica de Cookies - BobiPlay\" \/>\n<meta property=\"og:description\" content=\"Pol\u00edtica de Cookies Os cookies s\u00e3o utilizados no nosso site para melhorar o desempenho e a sua experi\u00eancia como utilizador. O que s\u00e3o cookies Os cookies s\u00e3o pequenos ficheiros de texto que um site, ao ser visitado pelo utilizador, coloca no seu computador ou no seu dispositivo m\u00f3vel atrav\u00e9s do browser. A coloca\u00e7\u00e3o de cookies &hellip;\" \/>\n<meta property=\"og:url\" content=\"https:\/\/bobiplay.com\/en\/politica-de-cookies\/\" \/>\n<meta property=\"og:site_name\" content=\"BobiPlay\" \/>\n<meta property=\"article:modified_time\" content=\"2025-07-08T21:42:40+00:00\" \/>\n<meta name=\"twitter:card\" content=\"summary_large_image\" \/>\n<meta name=\"twitter:label1\" content=\"Est. reading time\" \/>\n\t<meta name=\"twitter:data1\" content=\"3 minutes\" \/>\n<script type=\"application\/ld+json\" class=\"yoast-schema-graph\">{\"@context\":\"https:\\\/\\\/schema.org\",\"@graph\":[{\"@type\":\"WebPage\",\"@id\":\"https:\\\/\\\/bobiplay.com\\\/politica-de-cookies\\\/\",\"url\":\"https:\\\/\\\/bobiplay.com\\\/politica-de-cookies\\\/\",\"name\":\"Pol\u00edtica de Cookies - BobiPlay\",\"isPartOf\":{\"@id\":\"https:\\\/\\\/bobiplay.com\\\/#website\"},\"datePublished\":\"2025-07-08T21:42:10+00:00\",\"dateModified\":\"2025-07-08T21:42:40+00:00\",\"breadcrumb\":{\"@id\":\"https:\\\/\\\/bobiplay.com\\\/politica-de-cookies\\\/#breadcrumb\"},\"inLanguage\":\"en-US\",\"potentialAction\":[{\"@type\":\"ReadAction\",\"target\":[\"https:\\\/\\\/bobiplay.com\\\/politica-de-cookies\\\/\"]}]},{\"@type\":\"BreadcrumbList\",\"@id\":\"https:\\\/\\\/bobiplay.com\\\/politica-de-cookies\\\/#breadcrumb\",\"itemListElement\":[{\"@type\":\"ListItem\",\"position\":1,\"name\":\"In\u00edcio\",\"item\":\"https:\\\/\\\/bobiplay.com\\\/\"},{\"@type\":\"ListItem\",\"position\":2,\"name\":\"Pol\u00edtica de Cookies\"}]},{\"@type\":\"WebSite\",\"@id\":\"https:\\\/\\\/bobiplay.com\\\/#website\",\"url\":\"https:\\\/\\\/bobiplay.com\\\/\",\"name\":\"BobiPlay\",\"description\":\"Games - Jogos Mobile - Not\u00edcias e Lan\u00e7amentos\",\"potentialAction\":[{\"@type\":\"SearchAction\",\"target\":{\"@type\":\"EntryPoint\",\"urlTemplate\":\"https:\\\/\\\/bobiplay.com\\\/?s={search_term_string}\"},\"query-input\":{\"@type\":\"PropertyValueSpecification\",\"valueRequired\":true,\"valueName\":\"search_term_string\"}}],\"inLanguage\":\"en-US\"}]}<\/script>\n<!-- \/ Yoast SEO plugin. -->","yoast_head_json":{"title":"Pol\u00edtica de Cookies - BobiPlay","robots":{"index":"index","follow":"follow","max-snippet":"max-snippet:-1","max-image-preview":"max-image-preview:large","max-video-preview":"max-video-preview:-1"},"canonical":"https:\/\/bobiplay.com\/en\/politica-de-cookies\/","og_locale":"en_US","og_type":"article","og_title":"Pol\u00edtica de Cookies - BobiPlay","og_description":"Pol\u00edtica de Cookies Os cookies s\u00e3o utilizados no nosso site para melhorar o desempenho e a sua experi\u00eancia como utilizador. O que s\u00e3o cookies Os cookies s\u00e3o pequenos ficheiros de texto que um site, ao ser visitado pelo utilizador, coloca no seu computador ou no seu dispositivo m\u00f3vel atrav\u00e9s do browser. A coloca\u00e7\u00e3o de cookies &hellip;","og_url":"https:\/\/bobiplay.com\/en\/politica-de-cookies\/","og_site_name":"BobiPlay","article_modified_time":"2025-07-08T21:42:40+00:00","twitter_card":"summary_large_image","twitter_misc":{"Est. reading time":"3 minutes"},"schema":{"@context":"https:\/\/schema.org","@graph":[{"@type":"WebPage","@id":"https:\/\/bobiplay.com\/politica-de-cookies\/","url":"https:\/\/bobiplay.com\/politica-de-cookies\/","name":"Pol\u00edtica de Cookies - BobiPlay","isPartOf":{"@id":"https:\/\/bobiplay.com\/#website"},"datePublished":"2025-07-08T21:42:10+00:00","dateModified":"2025-07-08T21:42:40+00:00","breadcrumb":{"@id":"https:\/\/bobiplay.com\/politica-de-cookies\/#breadcrumb"},"inLanguage":"en-US","potentialAction":[{"@type":"ReadAction","target":["https:\/\/bobiplay.com\/politica-de-cookies\/"]}]},{"@type":"BreadcrumbList","@id":"https:\/\/bobiplay.com\/politica-de-cookies\/#breadcrumb","itemListElement":[{"@type":"ListItem","position":1,"name":"In\u00edcio","item":"https:\/\/bobiplay.com\/"},{"@type":"ListItem","position":2,"name":"Pol\u00edtica de Cookies"}]},{"@type":"WebSite","@id":"https:\/\/bobiplay.com\/#website","url":"https:\/\/bobiplay.com\/","name":"BobiPlay","description":"Games - Jogos Mobile - Not\u00edcias e Lan\u00e7amentos","potentialAction":[{"@type":"SearchAction","target":{"@type":"EntryPoint","urlTemplate":"https:\/\/bobiplay.com\/?s={search_term_string}"},"query-input":{"@type":"PropertyValueSpecification","valueRequired":true,"valueName":"search_term_string"}}],"inLanguage":"en-US"}]}},"_links":{"self":[{"href":"https:\/\/bobiplay.com\/en\/wp-json\/wp\/v2\/pages\/193","targetHints":{"allow":["GET"]}}],"collection":[{"href":"https:\/\/bobiplay.com\/en\/wp-json\/wp\/v2\/pages"}],"about":[{"href":"https:\/\/bobiplay.com\/en\/wp-json\/wp\/v2\/types\/page"}],"author":[{"embeddable":true,"href":"https:\/\/bobiplay.com\/en\/wp-json\/wp\/v2\/users\/1"}],"replies":[{"embeddable":true,"href":"https:\/\/bobiplay.com\/en\/wp-json\/wp\/v2\/comments?post=193"}],"version-history":[{"count":1,"href":"https:\/\/bobiplay.com\/en\/wp-json\/wp\/v2\/pages\/193\/revisions"}],"predecessor-version":[{"id":194,"href":"https:\/\/bobiplay.com\/en\/wp-json\/wp\/v2\/pages\/193\/revisions\/194"}],"wp:attachment":[{"href":"https:\/\/bobiplay.com\/en\/wp-json\/wp\/v2\/media?parent=193"}],"curies":[{"name":"wp","href":"https:\/\/api.w.org\/{rel}","templated":true}]}}