{"id":218,"date":"2025-07-08T19:43:27","date_gmt":"2025-07-08T22:43:27","guid":{"rendered":"https:\/\/bobiplay.com\/?page_id=218"},"modified":"2026-04-14T09:52:40","modified_gmt":"2026-04-14T12:52:40","slug":"games-jogos-mobile-noticias-e-lancamentos","status":"publish","type":"page","link":"https:\/\/bobiplay.com\/en\/","title":{"rendered":"Games &#8211; Jogos Mobile &#8211; Not\u00edcias e Lan\u00e7amentos"},"content":{"rendered":"","protected":false},"excerpt":{"rendered":"","protected":false},"author":1,"featured_media":0,"parent":0,"menu_order":0,"comment_status":"closed","ping_status":"closed","template":"","meta":{"footnotes":""},"class_list":["post-218","page","type-page","status-publish","hentry"],"yoast_head":"<!-- This site is optimized with the Yoast SEO plugin v27.4 - https:\/\/yoast.com\/product\/yoast-seo-wordpress\/ -->\n<title>BobiPlay: Games, jogos mobile e not\u00edcias e lan\u00e7amentos<\/title>\n<meta name=\"description\" content=\"Aperte o play e descubra tudo sobre o universo dos games. Os melhores jogos mobile, os lan\u00e7amentos e as not\u00edcias mais fresquinhas est\u00e3o aqui.\" \/>\n<meta name=\"robots\" content=\"index, follow, max-snippet:-1, max-image-preview:large, max-video-preview:-1\" \/>\n<link rel=\"canonical\" href=\"https:\/\/bobiplay.com\/en\/\" \/>\n<meta property=\"og:locale\" content=\"en_US\" \/>\n<meta property=\"og:type\" content=\"article\" \/>\n<meta property=\"og:title\" content=\"BobiPlay: Games, jogos mobile e not\u00edcias e lan\u00e7amentos\" \/>\n<meta property=\"og:description\" content=\"Aperte o play e descubra tudo sobre o universo dos games. Os melhores jogos mobile, os lan\u00e7amentos e as not\u00edcias mais fresquinhas est\u00e3o aqui.\" \/>\n<meta property=\"og:url\" content=\"https:\/\/bobiplay.com\/en\/\" \/>\n<meta property=\"og:site_name\" content=\"BobiPlay\" \/>\n<meta property=\"article:modified_time\" content=\"2026-04-14T12:52:40+00:00\" \/>\n<meta name=\"twitter:card\" content=\"summary_large_image\" \/>\n<script type=\"application\/ld+json\" class=\"yoast-schema-graph\">{\"@context\":\"https:\\\/\\\/schema.org\",\"@graph\":[{\"@type\":\"WebPage\",\"@id\":\"https:\\\/\\\/bobiplay.com\\\/\",\"url\":\"https:\\\/\\\/bobiplay.com\\\/\",\"name\":\"BobiPlay: Games, jogos mobile e not\u00edcias e lan\u00e7amentos\",\"isPartOf\":{\"@id\":\"https:\\\/\\\/bobiplay.com\\\/#website\"},\"datePublished\":\"2025-07-08T22:43:27+00:00\",\"dateModified\":\"2026-04-14T12:52:40+00:00\",\"description\":\"Aperte o play e descubra tudo sobre o universo dos games. Os melhores jogos mobile, os lan\u00e7amentos e as not\u00edcias mais fresquinhas est\u00e3o aqui.\",\"breadcrumb\":{\"@id\":\"https:\\\/\\\/bobiplay.com\\\/#breadcrumb\"},\"inLanguage\":\"en-US\",\"potentialAction\":[{\"@type\":\"ReadAction\",\"target\":[\"https:\\\/\\\/bobiplay.com\\\/\"]}]},{\"@type\":\"BreadcrumbList\",\"@id\":\"https:\\\/\\\/bobiplay.com\\\/#breadcrumb\",\"itemListElement\":[{\"@type\":\"ListItem\",\"position\":1,\"name\":\"In\u00edcio\",\"item\":\"https:\\\/\\\/bobiplay.com\\\/\"},{\"@type\":\"ListItem\",\"position\":2,\"name\":\"Games &#8211; Jogos Mobile &#8211; Not\u00edcias e Lan\u00e7amentos\"}]},{\"@type\":\"WebSite\",\"@id\":\"https:\\\/\\\/bobiplay.com\\\/#website\",\"url\":\"https:\\\/\\\/bobiplay.com\\\/\",\"name\":\"BobiPlay\",\"description\":\"Games - Jogos Mobile - Not\u00edcias e Lan\u00e7amentos\",\"potentialAction\":[{\"@type\":\"SearchAction\",\"target\":{\"@type\":\"EntryPoint\",\"urlTemplate\":\"https:\\\/\\\/bobiplay.com\\\/?s={search_term_string}\"},\"query-input\":{\"@type\":\"PropertyValueSpecification\",\"valueRequired\":true,\"valueName\":\"search_term_string\"}}],\"inLanguage\":\"en-US\"}]}<\/script>\n<!-- \/ Yoast SEO plugin. -->","yoast_head_json":{"title":"BobiPlay: Games, jogos mobile e not\u00edcias e lan\u00e7amentos","description":"Aperte o play e descubra tudo sobre o universo dos games. Os melhores jogos mobile, os lan\u00e7amentos e as not\u00edcias mais fresquinhas est\u00e3o aqui.","robots":{"index":"index","follow":"follow","max-snippet":"max-snippet:-1","max-image-preview":"max-image-preview:large","max-video-preview":"max-video-preview:-1"},"canonical":"https:\/\/bobiplay.com\/en\/","og_locale":"en_US","og_type":"article","og_title":"BobiPlay: Games, jogos mobile e not\u00edcias e lan\u00e7amentos","og_description":"Aperte o play e descubra tudo sobre o universo dos games. Os melhores jogos mobile, os lan\u00e7amentos e as not\u00edcias mais fresquinhas est\u00e3o aqui.","og_url":"https:\/\/bobiplay.com\/en\/","og_site_name":"BobiPlay","article_modified_time":"2026-04-14T12:52:40+00:00","twitter_card":"summary_large_image","schema":{"@context":"https:\/\/schema.org","@graph":[{"@type":"WebPage","@id":"https:\/\/bobiplay.com\/","url":"https:\/\/bobiplay.com\/","name":"BobiPlay: Games, jogos mobile e not\u00edcias e lan\u00e7amentos","isPartOf":{"@id":"https:\/\/bobiplay.com\/#website"},"datePublished":"2025-07-08T22:43:27+00:00","dateModified":"2026-04-14T12:52:40+00:00","description":"Aperte o play e descubra tudo sobre o universo dos games. Os melhores jogos mobile, os lan\u00e7amentos e as not\u00edcias mais fresquinhas est\u00e3o aqui.","breadcrumb":{"@id":"https:\/\/bobiplay.com\/#breadcrumb"},"inLanguage":"en-US","potentialAction":[{"@type":"ReadAction","target":["https:\/\/bobiplay.com\/"]}]},{"@type":"BreadcrumbList","@id":"https:\/\/bobiplay.com\/#breadcrumb","itemListElement":[{"@type":"ListItem","position":1,"name":"In\u00edcio","item":"https:\/\/bobiplay.com\/"},{"@type":"ListItem","position":2,"name":"Games &#8211; Jogos Mobile &#8211; Not\u00edcias e Lan\u00e7amentos"}]},{"@type":"WebSite","@id":"https:\/\/bobiplay.com\/#website","url":"https:\/\/bobiplay.com\/","name":"BobiPlay","description":"Games - Jogos Mobile - Not\u00edcias e Lan\u00e7amentos","potentialAction":[{"@type":"SearchAction","target":{"@type":"EntryPoint","urlTemplate":"https:\/\/bobiplay.com\/?s={search_term_string}"},"query-input":{"@type":"PropertyValueSpecification","valueRequired":true,"valueName":"search_term_string"}}],"inLanguage":"en-US"}]}},"_links":{"self":[{"href":"https:\/\/bobiplay.com\/en\/wp-json\/wp\/v2\/pages\/218","targetHints":{"allow":["GET"]}}],"collection":[{"href":"https:\/\/bobiplay.com\/en\/wp-json\/wp\/v2\/pages"}],"about":[{"href":"https:\/\/bobiplay.com\/en\/wp-json\/wp\/v2\/types\/page"}],"author":[{"embeddable":true,"href":"https:\/\/bobiplay.com\/en\/wp-json\/wp\/v2\/users\/1"}],"replies":[{"embeddable":true,"href":"https:\/\/bobiplay.com\/en\/wp-json\/wp\/v2\/comments?post=218"}],"version-history":[{"count":1,"href":"https:\/\/bobiplay.com\/en\/wp-json\/wp\/v2\/pages\/218\/revisions"}],"predecessor-version":[{"id":219,"href":"https:\/\/bobiplay.com\/en\/wp-json\/wp\/v2\/pages\/218\/revisions\/219"}],"wp:attachment":[{"href":"https:\/\/bobiplay.com\/en\/wp-json\/wp\/v2\/media?parent=218"}],"curies":[{"name":"wp","href":"https:\/\/api.w.org\/{rel}","templated":true}]}}