{"id":3,"date":"2025-07-01T07:53:38","date_gmt":"2025-07-01T10:53:38","guid":{"rendered":"https:\/\/bobiplay.com\/?page_id=3"},"modified":"2025-10-10T22:30:10","modified_gmt":"2025-10-11T01:30:10","slug":"politica-de-privacidade","status":"publish","type":"page","link":"https:\/\/bobiplay.com\/en\/politica-de-privacidade\/","title":{"rendered":"Privacy Policy"},"content":{"rendered":"<h1 class=\"wp-block-heading\">Privacy Policy<\/h1>\n\n\n\n<p class=\"has-medium-font-size\">O <a href=\"https:\/\/bobiplay.com\/en\/\">BobiPlay<\/a> respects the privacy of its Users and, with the objective of being transparent about how their data is handled, presents a Privacy Policy that complies with international and national data protection regulations.<\/p>\n\n\n\n<p class=\"has-medium-font-size\">By using BobiPlay, you explicitly agree to the processing of your data, ratifying that you agree with the terms of this Privacy Policy and the General Terms and Conditions of Use available at <a href=\"https:\/\/bobiplay.com\/en\/termos-de-uso\/\">https:\/\/bobiplay.com\/termos-de-uso\/<\/a>.<\/p>\n\n\n\n<p class=\"has-medium-font-size\">This Privacy Policy shall be read and interpreted in conjunction with the BobiPlay General Terms and Conditions of Use.<\/p>\n\n\n\n<h2 class=\"wp-block-heading\" style=\"font-size:30px\"><strong>INFORMATION FOR USERS<\/strong><\/h2>\n\n\n\n<p class=\"has-medium-font-size\">BobiPlay aims to share information about Games, Mobile Games, and News and Releases for its Users, making it accessible to everyone and raising awareness about products and services that best suit their reality, according to their needs and preferences.<\/p>\n\n\n\n<p class=\"has-medium-font-size\">All of BobiPlay's features can be used without the user needing to register beforehand.<\/p>\n\n\n\n<p class=\"has-medium-font-size\">BobiPlay follows international norms and standards for data storage, protection, privacy, and transmission, highlighting that no method of data storage, protection, privacy, and transmission is 100% secure and inviolable.<\/p>\n\n\n\n<p class=\"has-medium-font-size\">BobiPlay does not send emails to its users requesting payments or confirmation of personal data.<\/p>\n\n\n\n<h2 class=\"wp-block-heading\" style=\"font-size:30px\"><strong>FROM THE PROCESSED DATA<\/strong><\/h2>\n\n\n\n<p class=\"has-medium-font-size\">BobiPlay processes two types of data: \u201cPersonally Identifiable Data\u201d and \u201cNon-Personal Data\u201d.<\/p>\n\n\n\n<h2 class=\"wp-block-heading\" style=\"font-size:30px\"><strong>IDENTIFIABLE PERSONAL DATA<\/strong><\/h2>\n\n\n\n<p class=\"has-medium-font-size\">The user, to access free content on BobiPlay E-books and Quizzes and similar services, must provide some personally identifiable information, including: email, full name, and phone number.<\/p>\n\n\n\n<p class=\"has-medium-font-size\">The personally identifiable data processed by BobiPlay has the purpose of:<\/p>\n\n\n\n<p class=\"has-medium-font-size\">Correct and precise identification of the User, thus ensuring greater security and protection for the Users themselves;<\/p>\n\n\n\n<p class=\"has-medium-font-size\">Access to services and products provided by BobiPlay;<\/p>\n\n\n\n<p class=\"has-medium-font-size\">User profile analysis with the objective of recommending the best products and information according to their real needs and reality.<\/p>\n\n\n\n<p class=\"has-medium-font-size\">To further aim for a more precise analysis of the User's profile, BobiPlay may conduct surveys within your \u201cfeed\u201d to obtain more and better information about your profile and thus, recommend personalized products and services according to each User's preferences and needs.<\/p>\n\n\n\n<p class=\"has-medium-font-size\">BobiPlay and its partner companies may invite Users to participate in satisfaction surveys. They will receive an email with the necessary instructions, and the data collected will be used to administer the survey with the goal of seeking improvements in the system, products, content, and services offered by BobiPlay and partner companies.<\/p>\n\n\n\n<p class=\"has-medium-font-size\">In case the User contacts us to report a problem, ask a question, or request support, we collect and store the user's contact information, as well as the respective messages and other data necessary to investigate the problem or question. This data will be used to resolve any issues based on the collected information, clarify doubts, correct problems, and improve the system, thereby enhancing the BobiPlay User experience.<\/p>\n\n\n\n<h2 class=\"wp-block-heading\" style=\"font-size:30px\"><strong>NON-PERSONAL DATA<\/strong><\/h2>\n\n\n\n<p class=\"has-medium-font-size\">When users do not request free BobiPlay content (e-books, quizzes, and the like), non-personal data tracking and collection may be performed, indicating, among other details, which pages of the site were visited, when they were visited, which hyperlinks were clicked, which content or services were requested or indicated, among others.<\/p>\n\n\n\n<p class=\"has-medium-font-size\">BobiPlay uses cookies to assist in the collection of data and IP (internet protocol) identification information; to facilitate User navigation, aiding in ensuring the security, protection, and authenticity of data.<\/p>\n\n\n\n<p class=\"has-medium-font-size\">The User may at any time change their acceptance or rejection of cookies in their browser settings through the website.\u00a0<a href=\"http:\/\/www.aboutads.info\/choices\/\" target=\"_blank\" rel=\"noreferrer noopener\">www.aboutads.info<\/a>, noting that disabling browser cookies may impair some of BobiPlay's functionalities.<\/p>\n\n\n\n<h2 class=\"wp-block-heading\" style=\"font-size:30px\"><strong>DATA SHARING<\/strong><\/h2>\n\n\n\n<p class=\"has-medium-font-size\">BobiPlay does not sell its Users' personal information or data, but may share it with partner companies for the purpose of recommending products and services that best suit their needs or to provide products and\/or services requested by the User.<\/p>\n\n\n\n<p class=\"has-medium-font-size\">BobiPlay reserves the right to assist or cooperate with any judicial authority or governmental body and may share Users' personally identifiable data in order to establish or exercise its legal rights or protect its properties or when it deems its assistance or cooperation to be necessary. To protect its Users, collaborators, administrators, or anyone harmed by actions or omissions.<\/p>\n\n\n\n<h2 class=\"wp-block-heading\" style=\"font-size:30px\"><strong>Untreated and uncollected data<\/strong><\/h2>\n\n\n\n<p class=\"has-medium-font-size\">BobiPlay does not process personal data of children under 13 years of age without prior authorization from parents or legal guardians.<\/p>\n\n\n\n<p class=\"has-medium-font-size\">If personal data of children under thirteen (13) years of age is collected and processed without the express authorization of parents or legal guardians, unintentionally, BobiPlay will delete all collected data without any prior notice.<\/p>\n\n\n\n<p class=\"has-medium-font-size\">If the User is aware that we may have mistakenly processed a child's data, please contact us immediately by email&nbsp;<strong>contact@bobiplay.com<\/strong>&nbsp;so that we can take the necessary steps.<\/p>\n\n\n\n<h2 class=\"wp-block-heading\" style=\"font-size:30px\"><strong>ADVERTISERS<\/strong><\/h2>\n\n\n\n<p class=\"has-medium-font-size\">BobiPlay and third-party vendors, including Google, use cookies to serve ads on the site based on a user's past visits to our website or other websites.<\/p>\n\n\n\n<p class=\"has-medium-font-size\">These ads may contain Cookies and\/or Web Beacons to collect data during the ad serving process by these third-party companies and Google. <\/p>\n\n\n\n<p class=\"has-medium-font-size\">BobiPlay does not have access to this information and is not responsible for data and information collected by third-party companies.<\/p>\n\n\n\n<p class=\"has-medium-font-size\">Users can disable personalized advertising by visiting&nbsp;<a href=\"https:\/\/www.google.com\/settings\/ads\" target=\"_blank\" rel=\"noreferrer noopener\">Ad settings<\/a> or disable the use of cookies from a third-party provider for personalized advertising by visiting&nbsp;<a href=\"http:\/\/www.aboutads.info\/choices\/\" target=\"_blank\" rel=\"noreferrer noopener\">www.aboutads.info.<\/a><\/p>\n\n\n\n<h2 class=\"wp-block-heading\">COOKIES<\/h2>\n\n\n\n<p class=\"has-medium-font-size\">When you leave a comment on the site, you may opt-in to save your name, email, and website in cookies. This is for your convenience so that you do not have to fill in your details again when you leave another comment. These cookies will last for one year.<\/p>\n\n\n\n<p class=\"has-medium-font-size\">If you have an account and log in to this site, a temporary cookie will be created to determine if your browser accepts cookies. It contains no personal data and will be discarded when you close your browser.<\/p>\n\n\n\n<p class=\"has-medium-font-size\">When you log in to your account on the site, we also create several cookies to save your account information and your screen display choices. Login cookies are kept for two days, and screen options cookies are kept for a year. If you select \u201cRemember me,\u201d your login will be maintained for two weeks. If you log out of your account, the login cookies will be removed.<\/p>\n\n\n\n<p class=\"has-medium-font-size\">If you edit or publish an article, an additional cookie will be saved in your browser. This cookie does not contain any personal data and simply indicates the post ID of the article you have just edited. It expires after 1 day.<\/p>\n\n\n\n<p class=\"has-medium-font-size\">The names of the cookies we use on our website and the purposes for which they are used are described below:<\/p>\n\n\n\n<ul class=\"wp-block-list\">\n<li>We use Google Analytics and Adwords on our website to recognize when a user accesses the site, track users as they navigate the website, enable the use of a shopping cart on the website, improve the usability of the website, analyze the use of the website, administer the website, prevent fraud and improve the security of the website, personalize the website for each user, and target advertisements which may be of particular interest to specific users.<\/li>\n<\/ul>\n\n\n\n<p class=\"has-medium-font-size\">Most browsers allow you to refuse to accept cookies, for example:<\/p>\n\n\n\n<ul class=\"wp-block-list\">\n<li>In Internet Explorer (version 10), you can block cookies by using the available cookie handling opt-out settings by clicking \u201cTools,\u201d \u201cInternet Options,\u201d \u201cPrivacy,\u201d and \u201cAdvanced.\u201d;<\/li>\n\n\n\n<li>In Firefox (version 24), you can block all cookies by clicking \u201cTools,\u201d \u201cOptions,\u201d \u201cPrivacy,\u201d selecting \u201cUse custom settings for history\u201d from the dropdown menu, and unchecking \u201cAccept cookies from sites.\u201d;<\/li>\n\n\n\n<li>In Chrome (version 29), you can block all cookies by accessing the \u201cCustomize and control\u201d menu and clicking on \u201cSettings,\u201d then \u201cAdvanced,\u201d then \u201cSite settings,\u201d and finally selecting \u201cBlock third-party cookies\u201d in the \u201cCookies and site data\u201d section.<\/li>\n\n\n\n<li>Blocking all cookies will negatively impact the usability of many websites. If you block cookies, you will not be able to use all the features on our site.<\/li>\n<\/ul>\n\n\n\n<h2 class=\"wp-block-heading\">CONSENT<\/h2>\n\n\n\n<p class=\"has-medium-font-size\">You can change or withdraw your consent to the cookie statement on our website at any time. <\/p>\n\n\n\n<p class=\"has-medium-font-size\">Your consent applies to the following domains: <strong>bobiplay.com<\/strong><\/p>\n\n\n\n<h2 class=\"wp-block-heading\">HOW TO REQUEST DATA DELETION&nbsp;&nbsp;<\/h2>\n\n\n\n<p class=\"has-medium-font-size\">At any time, the user may request the deletion of their data, simply by sending their request via email to\u201c<strong>contact@bobiplay.com<\/strong>\u201dAs soon as we receive the email, we will contact you to inform you of the measures taken.&nbsp;<\/p>\n\n\n\n<p class=\"has-medium-font-size\">We clarify that in compliance with the LGPD, which amended Article 7, item X of the Marco Civil da Internet (Law 12.965\/14), the definitive deletion of information regarding the date and time of use of a specific internet application, from a given IP address, may occur after the 6-month legal retention period stipulated in Article 15 of the Marco Civil da Internet (Law 12.965\/14).&nbsp;<\/p>\n\n\n\n<h2 class=\"wp-block-heading\">Regarding the exclusion of data through the received email&nbsp;&nbsp;<\/h2>\n\n\n\n<p class=\"has-medium-font-size\">The deletion of data can also occur via email, simply by the user opening our content emails and clicking the unsubscribe link in the footer.<\/p>\n\n\n\n<p class=\"has-medium-font-size\">After this cancellation request, your registration and consequently all your data will be permanently deleted. Thus, you will no longer receive our content suggestions.&nbsp;&nbsp;<\/p>\n\n\n\n<p class=\"has-medium-font-size\">We clarify that in accordance with LGPD, which amended art. 7, X of the Marco Civil da Internet (Law 12.965\/14), the definitive deletion of information regarding the date and time of use of a specific internet application, from a given IP address, may occur after the 6-month legal retention period established in art. 15 of the Marco Civil da Internet (Law 12.965\/14).&nbsp;<\/p>\n\n\n\n<h2 class=\"wp-block-heading\">ANALYSES<\/h2>\n\n\n\n<p class=\"has-medium-font-size\">Our website uses Google Analytics. To learn more about this analytics service, please visit the link:&nbsp;<a href=\"https:\/\/policies.google.com\/privacy\" target=\"_blank\" rel=\"noreferrer noopener\">https:\/\/policies.google.com\/privacy<\/a><\/p>\n\n\n\n<p class=\"has-medium-font-size\">For more information on how Google uses your information, visit the link below<\/p>\n\n\n\n<p class=\"has-medium-font-size\"><a href=\"https:\/\/policies.google.com\/technologies\/partner-sites?hl=pt-BR\" target=\"_blank\" rel=\"noreferrer noopener\">https:\/\/policies.google.com\/technologies\/partner-sites?hl=pt-BR<\/a><\/p>\n\n\n\n<p style=\"font-size:30px\"><strong>ON THE MODIFICATION OF THE PRIVACY POLICY<\/strong><\/p>\n\n\n\n<p class=\"has-medium-font-size\">The Privacy Policy may be altered, supplemented, or replaced at any time and for any reason, at BobiPlay's sole discretion, without the Users' consent or notification.<\/p>\n\n\n\n<h2 class=\"wp-block-heading\">CONTACT INFORMATION<\/h2>\n\n\n\n<p class=\"has-medium-font-size\">Our contact is: <strong>contact@bobiplay.com<\/strong><\/p>\n\n\n\n<h2 class=\"wp-block-heading\">More information<\/h2>\n\n\n\n<p class=\"has-medium-font-size\">You can opt out of Google cookies by visiting the&nbsp;<a href=\"https:\/\/policies.google.com\/technologies\/ads?hl=en\" target=\"_blank\" rel=\"noreferrer noopener\">Google privacy policy<\/a>. To learn more about targeted advertising and how to opt out on your specific browser and device, go to&nbsp;<a href=\"https:\/\/optout.aboutads.info\/?c=2&amp;lang=EN\" target=\"_blank\" rel=\"noreferrer noopener\">DAA Webchoices Browser Check<\/a>&nbsp;e&nbsp;<a href=\"http:\/\/optout.networkadvertising.org\/?c=1\" target=\"_blank\" rel=\"noreferrer noopener\">Opt Out of Interest-Based Advertising.<\/a><\/p>\n\n\n\n<div style=\"height:50px\" aria-hidden=\"true\" class=\"wp-block-spacer\"><\/div>\n\n\n\n<p class=\"has-text-align-center has-medium-font-size\">This site is protected by reCAPTCHA and the following apply <a href=\"https:\/\/policies.google.com\/privacy\" target=\"_blank\" rel=\"noreferrer noopener\">Privacy Policies<\/a> and the <a href=\"https:\/\/policies.google.com\/terms\" target=\"_blank\" rel=\"noreferrer noopener\">Terms of Service<\/a> do Google.<\/p>","protected":false},"excerpt":{"rendered":"<p>Politica de Privacidade O BobiPlay respeita a privacidade dos seus Usu\u00e1rios e com objetivo de transparecer como s\u00e3o tratados os seus dados apresenta a Pol\u00edtica de Privacidade que est\u00e1 em conformidade com as normas internacionais e nacionais de prote\u00e7\u00e3o de dados. O Usu\u00e1rio ao utilizar o BobiPlay voc\u00ea concorda explicitamente com o tratamento de seus &hellip;<\/p>","protected":false},"author":1,"featured_media":0,"parent":0,"menu_order":0,"comment_status":"closed","ping_status":"open","template":"","meta":{"footnotes":""},"class_list":["post-3","page","type-page","status-publish","hentry"],"yoast_head":"<!-- This site is optimized with the Yoast SEO plugin v27.4 - https:\/\/yoast.com\/product\/yoast-seo-wordpress\/ -->\n<title>Pol\u00edtica de privacidade - BobiPlay<\/title>\n<meta name=\"robots\" content=\"index, follow, max-snippet:-1, max-image-preview:large, max-video-preview:-1\" \/>\n<link rel=\"canonical\" href=\"https:\/\/bobiplay.com\/en\/politica-de-privacidade\/\" \/>\n<meta property=\"og:locale\" content=\"en_US\" \/>\n<meta property=\"og:type\" content=\"article\" \/>\n<meta property=\"og:title\" content=\"Pol\u00edtica de privacidade - BobiPlay\" \/>\n<meta property=\"og:description\" content=\"Politica de Privacidade O BobiPlay respeita a privacidade dos seus Usu\u00e1rios e com objetivo de transparecer como s\u00e3o tratados os seus dados apresenta a Pol\u00edtica de Privacidade que est\u00e1 em conformidade com as normas internacionais e nacionais de prote\u00e7\u00e3o de dados. O Usu\u00e1rio ao utilizar o BobiPlay voc\u00ea concorda explicitamente com o tratamento de seus &hellip;\" \/>\n<meta property=\"og:url\" content=\"https:\/\/bobiplay.com\/en\/politica-de-privacidade\/\" \/>\n<meta property=\"og:site_name\" content=\"BobiPlay\" \/>\n<meta property=\"article:modified_time\" content=\"2025-10-11T01:30:10+00:00\" \/>\n<meta name=\"twitter:card\" content=\"summary_large_image\" \/>\n<meta name=\"twitter:label1\" content=\"Est. reading time\" \/>\n\t<meta name=\"twitter:data1\" content=\"10 minutes\" \/>\n<script type=\"application\/ld+json\" class=\"yoast-schema-graph\">{\"@context\":\"https:\\\/\\\/schema.org\",\"@graph\":[{\"@type\":\"WebPage\",\"@id\":\"https:\\\/\\\/bobiplay.com\\\/politica-de-privacidade\\\/\",\"url\":\"https:\\\/\\\/bobiplay.com\\\/politica-de-privacidade\\\/\",\"name\":\"Pol\u00edtica de privacidade - BobiPlay\",\"isPartOf\":{\"@id\":\"https:\\\/\\\/bobiplay.com\\\/#website\"},\"datePublished\":\"2025-07-01T10:53:38+00:00\",\"dateModified\":\"2025-10-11T01:30:10+00:00\",\"breadcrumb\":{\"@id\":\"https:\\\/\\\/bobiplay.com\\\/politica-de-privacidade\\\/#breadcrumb\"},\"inLanguage\":\"en-US\",\"potentialAction\":[{\"@type\":\"ReadAction\",\"target\":[\"https:\\\/\\\/bobiplay.com\\\/politica-de-privacidade\\\/\"]}]},{\"@type\":\"BreadcrumbList\",\"@id\":\"https:\\\/\\\/bobiplay.com\\\/politica-de-privacidade\\\/#breadcrumb\",\"itemListElement\":[{\"@type\":\"ListItem\",\"position\":1,\"name\":\"In\u00edcio\",\"item\":\"https:\\\/\\\/bobiplay.com\\\/\"},{\"@type\":\"ListItem\",\"position\":2,\"name\":\"Pol\u00edtica de privacidade\"}]},{\"@type\":\"WebSite\",\"@id\":\"https:\\\/\\\/bobiplay.com\\\/#website\",\"url\":\"https:\\\/\\\/bobiplay.com\\\/\",\"name\":\"BobiPlay\",\"description\":\"Games - Jogos Mobile - Not\u00edcias e Lan\u00e7amentos\",\"potentialAction\":[{\"@type\":\"SearchAction\",\"target\":{\"@type\":\"EntryPoint\",\"urlTemplate\":\"https:\\\/\\\/bobiplay.com\\\/?s={search_term_string}\"},\"query-input\":{\"@type\":\"PropertyValueSpecification\",\"valueRequired\":true,\"valueName\":\"search_term_string\"}}],\"inLanguage\":\"en-US\"}]}<\/script>\n<!-- \/ Yoast SEO plugin. -->","yoast_head_json":{"title":"Pol\u00edtica de privacidade - BobiPlay","robots":{"index":"index","follow":"follow","max-snippet":"max-snippet:-1","max-image-preview":"max-image-preview:large","max-video-preview":"max-video-preview:-1"},"canonical":"https:\/\/bobiplay.com\/en\/politica-de-privacidade\/","og_locale":"en_US","og_type":"article","og_title":"Pol\u00edtica de privacidade - BobiPlay","og_description":"Politica de Privacidade O BobiPlay respeita a privacidade dos seus Usu\u00e1rios e com objetivo de transparecer como s\u00e3o tratados os seus dados apresenta a Pol\u00edtica de Privacidade que est\u00e1 em conformidade com as normas internacionais e nacionais de prote\u00e7\u00e3o de dados. O Usu\u00e1rio ao utilizar o BobiPlay voc\u00ea concorda explicitamente com o tratamento de seus &hellip;","og_url":"https:\/\/bobiplay.com\/en\/politica-de-privacidade\/","og_site_name":"BobiPlay","article_modified_time":"2025-10-11T01:30:10+00:00","twitter_card":"summary_large_image","twitter_misc":{"Est. reading time":"10 minutes"},"schema":{"@context":"https:\/\/schema.org","@graph":[{"@type":"WebPage","@id":"https:\/\/bobiplay.com\/politica-de-privacidade\/","url":"https:\/\/bobiplay.com\/politica-de-privacidade\/","name":"Pol\u00edtica de privacidade - BobiPlay","isPartOf":{"@id":"https:\/\/bobiplay.com\/#website"},"datePublished":"2025-07-01T10:53:38+00:00","dateModified":"2025-10-11T01:30:10+00:00","breadcrumb":{"@id":"https:\/\/bobiplay.com\/politica-de-privacidade\/#breadcrumb"},"inLanguage":"en-US","potentialAction":[{"@type":"ReadAction","target":["https:\/\/bobiplay.com\/politica-de-privacidade\/"]}]},{"@type":"BreadcrumbList","@id":"https:\/\/bobiplay.com\/politica-de-privacidade\/#breadcrumb","itemListElement":[{"@type":"ListItem","position":1,"name":"In\u00edcio","item":"https:\/\/bobiplay.com\/"},{"@type":"ListItem","position":2,"name":"Pol\u00edtica de privacidade"}]},{"@type":"WebSite","@id":"https:\/\/bobiplay.com\/#website","url":"https:\/\/bobiplay.com\/","name":"BobiPlay","description":"Games - Jogos Mobile - Not\u00edcias e Lan\u00e7amentos","potentialAction":[{"@type":"SearchAction","target":{"@type":"EntryPoint","urlTemplate":"https:\/\/bobiplay.com\/?s={search_term_string}"},"query-input":{"@type":"PropertyValueSpecification","valueRequired":true,"valueName":"search_term_string"}}],"inLanguage":"en-US"}]}},"_links":{"self":[{"href":"https:\/\/bobiplay.com\/en\/wp-json\/wp\/v2\/pages\/3","targetHints":{"allow":["GET"]}}],"collection":[{"href":"https:\/\/bobiplay.com\/en\/wp-json\/wp\/v2\/pages"}],"about":[{"href":"https:\/\/bobiplay.com\/en\/wp-json\/wp\/v2\/types\/page"}],"author":[{"embeddable":true,"href":"https:\/\/bobiplay.com\/en\/wp-json\/wp\/v2\/users\/1"}],"replies":[{"embeddable":true,"href":"https:\/\/bobiplay.com\/en\/wp-json\/wp\/v2\/comments?post=3"}],"version-history":[{"count":2,"href":"https:\/\/bobiplay.com\/en\/wp-json\/wp\/v2\/pages\/3\/revisions"}],"predecessor-version":[{"id":483,"href":"https:\/\/bobiplay.com\/en\/wp-json\/wp\/v2\/pages\/3\/revisions\/483"}],"wp:attachment":[{"href":"https:\/\/bobiplay.com\/en\/wp-json\/wp\/v2\/media?parent=3"}],"curies":[{"name":"wp","href":"https:\/\/api.w.org\/{rel}","templated":true}]}}